{"id":99,"date":"2025-07-28T14:30:21","date_gmt":"2025-07-28T12:30:21","guid":{"rendered":"https:\/\/sandsacksyndikat.de\/?post_type=product&#038;p=99"},"modified":"2026-04-25T08:52:09","modified_gmt":"2026-04-25T06:52:09","slug":"strongfit-sandsack","status":"publish","type":"product","link":"https:\/\/sandsacksyndikat.de\/en\/product\/strongfit-sandsack\/","title":{"rendered":"StrongFit Sandbag"},"content":{"rendered":"<p><strong>Trainieren statt dekorieren.<\/strong><br \/>\nIn jeder Hinsicht entwickelt f\u00fcr jahrelangen Gebrauch:<\/p>\n<p><strong>Funktionales Werkzeug statt gl\u00e4nzendes Spielzeug.<\/strong><br \/>\nDank des speziellen Verschlusssystems kannst du den Sandsack auch mit deutlich weniger als dem Maximalgewicht bef\u00fcllen \u2013 und trotzdem fest und stramm verschlie\u00dfen. Du brauchst nur einen Sack, der dich vom Einstieg bis an deine Grenzen begleitet. Dieser Sandsack w\u00e4chst mit deiner Kraft und landet nie in der Ecke \u2013 au\u00dfer, du brauchst mal eine Pause.<\/p>\n<p><strong>Entwickelt f\u00fcr echtes Training: Gemacht f\u00fcr das Grobe, nicht f\u00fcr den Schrank.<\/strong><br \/>\nDiese Sands\u00e4cke werden in den USA von Hand gefertigt \u2013 aus besonders widerstandsf\u00e4higem Cordura. Das durchdachte Design h\u00e4lt auch h\u00e4rtesten Belastungen stand: St\u00fcrze aus \u00fcber 6\u202fMetern H\u00f6he, t\u00e4glicher Gebrauch, raue Untergr\u00fcnde. Sie eignen sich sogar als Unterlage f\u00fcr Atlas-Steine.<\/p>\n<p>StrongFit-Sands\u00e4cke sind in zw\u00f6lf Gewichtsstufen und zwei Bauformen erh\u00e4ltlich:<\/p>\n<ul>\n<li>Kissenform (25 kg bis 55 kg (60\u202flb bis 120\u202flb))<\/li>\n<li>Zylinderform (63 kg bis \u00fcber 127 kg (140\u202flb bis \u00fcber 280\u202flb))<\/li>\n<\/ul>\n<p><strong>Hinweis:<\/strong> Lieferung erfolgt ohne Sand.<\/p>\n<hr \/>\n<p><strong>Technische Daten:<\/strong><\/p>\n<ul>\n<li>Handgefertigt in den USA<\/li>\n<li>Gr\u00f6\u00dfen: 25 \u2013 180 kg<\/li>\n<li>Farben: Schwarz, Grau, Rot<\/li>\n<li>Verschluss: Metallring, Lacrosse-Ball, Kabelbinder<\/li>\n<li>Aufgesticktes StrongFit-Logo (15\u202fcm)<\/li>\n<\/ul>\n<hr \/>\n<p><strong>12 Monate Herstellergarantie<\/strong><\/p>\n<ul>\n<li>Abgedeckt: undichte N\u00e4hte mit Sandverlust<\/li>\n<li>Nicht abgedeckt: normale Abnutzung (z.\u202fB. aufgerissene erste Nahtreihe), Besch\u00e4digungen durch scharfe Gegenst\u00e4nde, austretender Feinsand<\/li>\n<\/ul>\n<hr \/>\n<p><strong>H\u00e4ufige Fragen (FAQ)<\/strong><\/p>\n<p><strong>Kann ich mit dem Sandsack auch in einer kleinen Wohnung trainieren?<\/strong><br \/>\nJa. Das ist einer der gro\u00dfen Vorteile: Du brauchst nur wenig Platz und kannst trotzdem alle wichtigen \u00dcbungen machen. Zwei Quadratmeter gen\u00fcgen f\u00fcr die meisten \u00dcbungen.<\/p>\n<p><strong>Kann ich den Sandsack waschen?<\/strong><br \/>\nJa. Einfach bei 30 \u00b0C in der Maschine \u2013 nat\u00fcrlich ohne Sand und ohne Verschlusssystem.<\/p>\n<p><strong>Ist das nicht teuer f\u00fcr einen Sandsack?<br \/>\n<\/strong>Ein StrongFit-Sandsack mit 120\u00a0kg Sand kostet derzeit rund 139\u20ac. Eine Langhantel mit insgesamt 120\u00a0kg kostet rund 450 \u20ac. Sands\u00e4cke sind sehr g\u00fcnstige Trainingsger\u00e4te.<\/p>\n<p>Durch den einstellbaren Verschluss ist unser StrongFit-Sandsack auf lange Sicht eines der g\u00fcnstigsten Modelle am Markt, weil er mit den Anforderungen des Athleten w\u00e4chst.<\/p>\n<p><strong>Wie bef\u00fclle ich den Sandsack?<\/strong><br \/>\nAm besten mit Strandsand. Wenn du keinen zur Verf\u00fcgung hast: Spielsand aus dem Baumarkt funktioniert auch gut. Eine genaue Anleitung findest du in diesem Video:<\/p>\n<p><iframe loading=\"lazy\" title=\"YouTube video player\" src=\"https:\/\/www.youtube-nocookie.com\/embed\/ZPttf3Yvek4?rel=0\" width=\"560\" height=\"315\" frameborder=\"0\" allowfullscreen=\"allowfullscreen\"><\/iframe><\/p>\n<p><strong>Wo kann ich den StrongFit Sandsack kaufen?<br \/>\n<\/strong>Direkt hier im Shop \u2013 der StrongFit-Sandsack ist in verschiedenen Gr\u00f6\u00dfen und Formen erh\u00e4ltlich.<\/p>\n<p><strong>Warum einen StrongFit Sandsack kaufen?<br \/>\n<\/strong>Der StrongFit Sandsack ist \u00e4u\u00dferst robust und sanddicht. Au\u00dferdem ist er einstellbar und kann in auch in gro\u00dfen Gr\u00f6\u00dfen mit geringem Gewicht bef\u00fcllt und dank des variablen Verschlusssystems dennoch stramm gepackt werden.<\/p>\n<p><strong>Wie trainiere ich mit dem StrongFit Sandsack?<br \/>\n<\/strong>Viele Trainingsideen findest du auf dem <a href=\"https:\/\/youtube.com\/@sandsacksyndikat\">YouTube-Kanal vom Sandsack-Syndikat.<\/a><\/p>\n<p><script type=\"application\/ld+json\">\n{\n  \"@context\": \"https:\/\/schema.org\",\n  \"@type\": \"Product\",\n  \"name\": \"StrongFit Sandsack\",\n  \"image\": \"https:\/\/sandsacksyndikat.de\/wp-content\/uploads\/2025\/07\/Screenshot-2024-12-05-at-12-30-13-160lb-72kg-Sandbag-%E2%80%93-StrongFit-Sandbags-768x768.png\",\n  \"description\": \"Handgefertigter StrongFit Sandsack aus robustem Cordura, entwickelt f\u00fcr jahrelanges Training. Mit einzigartigem Verschlusssystem f\u00fcr stufenlos anpassbares Gewicht und Volumen. Erh\u00e4ltlich in Kissenform (25\u201355 kg) und Zylinderform (63\u2013127+ kg). Lieferung ohne Sand.\",\n  \"sku\": \"SS-SF-001\",\n  \"brand\": {\n    \"@type\": \"Brand\",\n    \"name\": \"StrongFit\"\n  },\n  \"offers\": {\n    \"@type\": \"Offer\",\n    \"url\": \"https:\/\/sandsacksyndikat.de\/produkt\/strongfit-sandsack\/\",\n    \"priceCurrency\": \"EUR\",\n    \"price\": \"107.00\",\n    \"highPrice\": \"120.00\",\n    \"lowPrice\": \"107.00\",\n    \"offerCount\": 7,\n    \"availability\": \"https:\/\/schema.org\/InStock\",\n    \"seller\": {\n      \"@type\": \"Organization\",\n      \"name\": \"Sandsacksyndikat\"\n    }\n  },\n  \"material\": \"Cordura\",\n  \"color\": [\"Schwarz\", \"Grau\", \"Rot\"],\n  \"weight\": {\n    \"@type\": \"QuantitativeValue\",\n    \"minValue\": \"25\",\n    \"maxValue\": \"127\",\n    \"unitCode\": \"KGM\"\n  }\n}\n<\/script><\/p>\n","protected":false},"excerpt":{"rendered":"<p><strong>The sandbag that adapts to your progress.<\/strong><\/p>\n<p>Original StrongFit quality. Handcrafted in the USA from heavy-duty Cordura \u2013 rugged, smart, versatile.<\/p>\n<p>Built to last \u2013 for years of honest, uncompromising training.<\/p>\n<p>The unique closure system lets you adjust weight and volume seamlessly \u2013 and still pack it tight.<\/p>\n<p>This way, the sandbag never gathers dust in the corner because it\u2019s \u201ctoo light\u201d \u2014 it grows with you, from your very first workout to your absolute limit.<\/p>","protected":false},"featured_media":102,"comment_status":"open","ping_status":"closed","template":"","meta":{"inline_featured_image":false,"iawp_total_views":797},"product_brand":[],"product_cat":[15],"product_tag":[],"class_list":{"0":"post-99","1":"product","2":"type-product","3":"status-publish","4":"has-post-thumbnail","6":"product_cat-sandsacke","8":"first","9":"instock","10":"shipping-taxable","11":"purchasable","12":"product-type-variable"},"yoast_head":"<!-- This site is optimized with the Yoast SEO plugin v27.5 - https:\/\/yoast.com\/product\/yoast-seo-wordpress\/ -->\n<title>StrongFit Sandsack kaufen | Robustes Trainingstool f\u00fcr Zuhause - Sandsack Syndikat<\/title>\n<meta name=\"description\" content=\"Handgefertigter Sandsack. Sanddicht, f\u00fcr echtes Training, zuhause oder unterwegs. Einstellbares Gewicht, StrongFit-Qualit\u00e4t. Hier StrongFit Sandsack kaufen.\" \/>\n<meta name=\"robots\" content=\"index, follow, max-snippet:-1, max-image-preview:large, max-video-preview:-1\" \/>\n<link rel=\"canonical\" href=\"https:\/\/sandsacksyndikat.de\/en\/product\/strongfit-sandsack\/\" \/>\n<meta property=\"og:locale\" content=\"en_GB\" \/>\n<meta property=\"og:type\" content=\"article\" \/>\n<meta property=\"og:title\" content=\"StrongFit Sandsack kaufen | Robustes Trainingstool f\u00fcr Zuhause - Sandsack Syndikat\" \/>\n<meta property=\"og:description\" content=\"Handgefertigter Sandsack. Sanddicht, f\u00fcr echtes Training, zuhause oder unterwegs. Einstellbares Gewicht, StrongFit-Qualit\u00e4t. Hier StrongFit Sandsack kaufen.\" \/>\n<meta property=\"og:url\" content=\"https:\/\/sandsacksyndikat.de\/en\/product\/strongfit-sandsack\/\" \/>\n<meta property=\"og:site_name\" content=\"Sandsack Syndikat\" \/>\n<meta property=\"article:modified_time\" content=\"2026-04-25T06:52:09+00:00\" \/>\n<meta property=\"og:image\" content=\"https:\/\/sandsacksyndikat.de\/wp-content\/uploads\/2025\/07\/Screenshot-2024-12-05-at-12-30-13-160lb-72kg-Sandbag-\u2013-StrongFit-Sandbags.png\" \/>\n\t<meta property=\"og:image:width\" content=\"925\" \/>\n\t<meta property=\"og:image:height\" content=\"925\" \/>\n\t<meta property=\"og:image:type\" content=\"image\/png\" \/>\n<meta name=\"twitter:card\" content=\"summary_large_image\" \/>\n<meta name=\"twitter:label1\" content=\"Estimated reading time\" \/>\n\t<meta name=\"twitter:data1\" content=\"3 minutes\" \/>\n<script type=\"application\/ld+json\" class=\"yoast-schema-graph\">{\"@context\":\"https:\\\/\\\/schema.org\",\"@graph\":[{\"@type\":\"WebPage\",\"@id\":\"https:\\\/\\\/sandsacksyndikat.de\\\/en\\\/product\\\/strongfit-sandsack\\\/\",\"url\":\"https:\\\/\\\/sandsacksyndikat.de\\\/en\\\/product\\\/strongfit-sandsack\\\/\",\"name\":\"StrongFit Sandsack kaufen | Robustes Trainingstool f\u00fcr Zuhause - Sandsack Syndikat\",\"isPartOf\":{\"@id\":\"https:\\\/\\\/sandsacksyndikat.de\\\/en\\\/#website\"},\"primaryImageOfPage\":{\"@id\":\"https:\\\/\\\/sandsacksyndikat.de\\\/en\\\/product\\\/strongfit-sandsack\\\/#primaryimage\"},\"image\":{\"@id\":\"https:\\\/\\\/sandsacksyndikat.de\\\/en\\\/product\\\/strongfit-sandsack\\\/#primaryimage\"},\"thumbnailUrl\":\"https:\\\/\\\/sandsacksyndikat.de\\\/wp-content\\\/uploads\\\/2025\\\/07\\\/Screenshot-2024-12-05-at-12-30-13-160lb-72kg-Sandbag-\u2013-StrongFit-Sandbags.png\",\"datePublished\":\"2025-07-28T12:30:21+00:00\",\"dateModified\":\"2026-04-25T06:52:09+00:00\",\"description\":\"Handgefertigter Sandsack. Sanddicht, f\u00fcr echtes Training, zuhause oder unterwegs. Einstellbares Gewicht, StrongFit-Qualit\u00e4t. Hier StrongFit Sandsack kaufen.\",\"breadcrumb\":{\"@id\":\"https:\\\/\\\/sandsacksyndikat.de\\\/en\\\/product\\\/strongfit-sandsack\\\/#breadcrumb\"},\"inLanguage\":\"en-GB\",\"potentialAction\":[{\"@type\":\"ReadAction\",\"target\":[\"https:\\\/\\\/sandsacksyndikat.de\\\/en\\\/product\\\/strongfit-sandsack\\\/\"]}]},{\"@type\":\"ImageObject\",\"inLanguage\":\"en-GB\",\"@id\":\"https:\\\/\\\/sandsacksyndikat.de\\\/en\\\/product\\\/strongfit-sandsack\\\/#primaryimage\",\"url\":\"https:\\\/\\\/sandsacksyndikat.de\\\/wp-content\\\/uploads\\\/2025\\\/07\\\/Screenshot-2024-12-05-at-12-30-13-160lb-72kg-Sandbag-\u2013-StrongFit-Sandbags.png\",\"contentUrl\":\"https:\\\/\\\/sandsacksyndikat.de\\\/wp-content\\\/uploads\\\/2025\\\/07\\\/Screenshot-2024-12-05-at-12-30-13-160lb-72kg-Sandbag-\u2013-StrongFit-Sandbags.png\",\"width\":925,\"height\":925,\"caption\":\"StrongFit Sandsack Zylinderform, rot (Trainings-Sandsack)\"},{\"@type\":\"BreadcrumbList\",\"@id\":\"https:\\\/\\\/sandsacksyndikat.de\\\/en\\\/product\\\/strongfit-sandsack\\\/#breadcrumb\",\"itemListElement\":[{\"@type\":\"ListItem\",\"position\":1,\"name\":\"Startseite\",\"item\":\"https:\\\/\\\/sandsacksyndikat.de\\\/en\\\/start-en\\\/\"},{\"@type\":\"ListItem\",\"position\":2,\"name\":\"Shop\",\"item\":\"https:\\\/\\\/sandsacksyndikat.de\\\/shop\\\/\"},{\"@type\":\"ListItem\",\"position\":3,\"name\":\"StrongFit Sandsack\"}]},{\"@type\":\"WebSite\",\"@id\":\"https:\\\/\\\/sandsacksyndikat.de\\\/en\\\/#website\",\"url\":\"https:\\\/\\\/sandsacksyndikat.de\\\/en\\\/\",\"name\":\"Sandsack-Syndikat\",\"description\":\"Ehrliches Training. Robustes Werkzeug.\",\"publisher\":{\"@id\":\"https:\\\/\\\/sandsacksyndikat.de\\\/en\\\/#organization\"},\"potentialAction\":[{\"@type\":\"SearchAction\",\"target\":{\"@type\":\"EntryPoint\",\"urlTemplate\":\"https:\\\/\\\/sandsacksyndikat.de\\\/en\\\/?s={search_term_string}\"},\"query-input\":{\"@type\":\"PropertyValueSpecification\",\"valueRequired\":true,\"valueName\":\"search_term_string\"}}],\"inLanguage\":\"en-GB\"},{\"@type\":\"Organization\",\"@id\":\"https:\\\/\\\/sandsacksyndikat.de\\\/en\\\/#organization\",\"name\":\"Sandsack-Syndikat\",\"url\":\"https:\\\/\\\/sandsacksyndikat.de\\\/en\\\/\",\"logo\":{\"@type\":\"ImageObject\",\"inLanguage\":\"en-GB\",\"@id\":\"https:\\\/\\\/sandsacksyndikat.de\\\/en\\\/#\\\/schema\\\/logo\\\/image\\\/\",\"url\":\"https:\\\/\\\/sandsacksyndikat.de\\\/wp-content\\\/uploads\\\/2025\\\/08\\\/SandsackSyndikatrim.svg\",\"contentUrl\":\"https:\\\/\\\/sandsacksyndikat.de\\\/wp-content\\\/uploads\\\/2025\\\/08\\\/SandsackSyndikatrim.svg\",\"width\":100,\"height\":100,\"caption\":\"Sandsack-Syndikat\"},\"image\":{\"@id\":\"https:\\\/\\\/sandsacksyndikat.de\\\/en\\\/#\\\/schema\\\/logo\\\/image\\\/\"},\"sameAs\":[\"https:\\\/\\\/youtube.com\\\/@sandsacksyndikat\",\"https:\\\/\\\/instagram.com\\\/sandsacksyndikat\"]}]}<\/script>\n<!-- \/ Yoast SEO plugin. -->","yoast_head_json":{"title":"StrongFit Sandsack kaufen | Robustes Trainingstool f\u00fcr Zuhause - Sandsack Syndikat","description":"Handgefertigter Sandsack. Sanddicht, f\u00fcr echtes Training, zuhause oder unterwegs. Einstellbares Gewicht, StrongFit-Qualit\u00e4t. Hier StrongFit Sandsack kaufen.","robots":{"index":"index","follow":"follow","max-snippet":"max-snippet:-1","max-image-preview":"max-image-preview:large","max-video-preview":"max-video-preview:-1"},"canonical":"https:\/\/sandsacksyndikat.de\/en\/product\/strongfit-sandsack\/","og_locale":"en_GB","og_type":"article","og_title":"StrongFit Sandsack kaufen | Robustes Trainingstool f\u00fcr Zuhause - Sandsack Syndikat","og_description":"Handgefertigter Sandsack. Sanddicht, f\u00fcr echtes Training, zuhause oder unterwegs. Einstellbares Gewicht, StrongFit-Qualit\u00e4t. Hier StrongFit Sandsack kaufen.","og_url":"https:\/\/sandsacksyndikat.de\/en\/product\/strongfit-sandsack\/","og_site_name":"Sandsack Syndikat","article_modified_time":"2026-04-25T06:52:09+00:00","og_image":[{"width":925,"height":925,"url":"https:\/\/sandsacksyndikat.de\/wp-content\/uploads\/2025\/07\/Screenshot-2024-12-05-at-12-30-13-160lb-72kg-Sandbag-\u2013-StrongFit-Sandbags.png","type":"image\/png"}],"twitter_card":"summary_large_image","twitter_misc":{"Estimated reading time":"3 minutes"},"schema":{"@context":"https:\/\/schema.org","@graph":[{"@type":"WebPage","@id":"https:\/\/sandsacksyndikat.de\/en\/product\/strongfit-sandsack\/","url":"https:\/\/sandsacksyndikat.de\/en\/product\/strongfit-sandsack\/","name":"StrongFit Sandsack kaufen | Robustes Trainingstool f\u00fcr Zuhause - Sandsack Syndikat","isPartOf":{"@id":"https:\/\/sandsacksyndikat.de\/en\/#website"},"primaryImageOfPage":{"@id":"https:\/\/sandsacksyndikat.de\/en\/product\/strongfit-sandsack\/#primaryimage"},"image":{"@id":"https:\/\/sandsacksyndikat.de\/en\/product\/strongfit-sandsack\/#primaryimage"},"thumbnailUrl":"https:\/\/sandsacksyndikat.de\/wp-content\/uploads\/2025\/07\/Screenshot-2024-12-05-at-12-30-13-160lb-72kg-Sandbag-\u2013-StrongFit-Sandbags.png","datePublished":"2025-07-28T12:30:21+00:00","dateModified":"2026-04-25T06:52:09+00:00","description":"Handgefertigter Sandsack. Sanddicht, f\u00fcr echtes Training, zuhause oder unterwegs. Einstellbares Gewicht, StrongFit-Qualit\u00e4t. Hier StrongFit Sandsack kaufen.","breadcrumb":{"@id":"https:\/\/sandsacksyndikat.de\/en\/product\/strongfit-sandsack\/#breadcrumb"},"inLanguage":"en-GB","potentialAction":[{"@type":"ReadAction","target":["https:\/\/sandsacksyndikat.de\/en\/product\/strongfit-sandsack\/"]}]},{"@type":"ImageObject","inLanguage":"en-GB","@id":"https:\/\/sandsacksyndikat.de\/en\/product\/strongfit-sandsack\/#primaryimage","url":"https:\/\/sandsacksyndikat.de\/wp-content\/uploads\/2025\/07\/Screenshot-2024-12-05-at-12-30-13-160lb-72kg-Sandbag-\u2013-StrongFit-Sandbags.png","contentUrl":"https:\/\/sandsacksyndikat.de\/wp-content\/uploads\/2025\/07\/Screenshot-2024-12-05-at-12-30-13-160lb-72kg-Sandbag-\u2013-StrongFit-Sandbags.png","width":925,"height":925,"caption":"StrongFit Sandsack Zylinderform, rot (Trainings-Sandsack)"},{"@type":"BreadcrumbList","@id":"https:\/\/sandsacksyndikat.de\/en\/product\/strongfit-sandsack\/#breadcrumb","itemListElement":[{"@type":"ListItem","position":1,"name":"Startseite","item":"https:\/\/sandsacksyndikat.de\/en\/start-en\/"},{"@type":"ListItem","position":2,"name":"Shop","item":"https:\/\/sandsacksyndikat.de\/shop\/"},{"@type":"ListItem","position":3,"name":"StrongFit Sandsack"}]},{"@type":"WebSite","@id":"https:\/\/sandsacksyndikat.de\/en\/#website","url":"https:\/\/sandsacksyndikat.de\/en\/","name":"Sandsack-Syndikat","description":"Ehrliches Training. Robustes Werkzeug.","publisher":{"@id":"https:\/\/sandsacksyndikat.de\/en\/#organization"},"potentialAction":[{"@type":"SearchAction","target":{"@type":"EntryPoint","urlTemplate":"https:\/\/sandsacksyndikat.de\/en\/?s={search_term_string}"},"query-input":{"@type":"PropertyValueSpecification","valueRequired":true,"valueName":"search_term_string"}}],"inLanguage":"en-GB"},{"@type":"Organization","@id":"https:\/\/sandsacksyndikat.de\/en\/#organization","name":"Sandsack-Syndikat","url":"https:\/\/sandsacksyndikat.de\/en\/","logo":{"@type":"ImageObject","inLanguage":"en-GB","@id":"https:\/\/sandsacksyndikat.de\/en\/#\/schema\/logo\/image\/","url":"https:\/\/sandsacksyndikat.de\/wp-content\/uploads\/2025\/08\/SandsackSyndikatrim.svg","contentUrl":"https:\/\/sandsacksyndikat.de\/wp-content\/uploads\/2025\/08\/SandsackSyndikatrim.svg","width":100,"height":100,"caption":"Sandsack-Syndikat"},"image":{"@id":"https:\/\/sandsacksyndikat.de\/en\/#\/schema\/logo\/image\/"},"sameAs":["https:\/\/youtube.com\/@sandsacksyndikat","https:\/\/instagram.com\/sandsacksyndikat"]}]}},"_links":{"self":[{"href":"https:\/\/sandsacksyndikat.de\/en\/wp-json\/wp\/v2\/product\/99","targetHints":{"allow":["GET"]}}],"collection":[{"href":"https:\/\/sandsacksyndikat.de\/en\/wp-json\/wp\/v2\/product"}],"about":[{"href":"https:\/\/sandsacksyndikat.de\/en\/wp-json\/wp\/v2\/types\/product"}],"replies":[{"embeddable":true,"href":"https:\/\/sandsacksyndikat.de\/en\/wp-json\/wp\/v2\/comments?post=99"}],"wp:featuredmedia":[{"embeddable":true,"href":"https:\/\/sandsacksyndikat.de\/en\/wp-json\/wp\/v2\/media\/102"}],"wp:attachment":[{"href":"https:\/\/sandsacksyndikat.de\/en\/wp-json\/wp\/v2\/media?parent=99"}],"wp:term":[{"taxonomy":"product_brand","embeddable":true,"href":"https:\/\/sandsacksyndikat.de\/en\/wp-json\/wp\/v2\/product_brand?post=99"},{"taxonomy":"product_cat","embeddable":true,"href":"https:\/\/sandsacksyndikat.de\/en\/wp-json\/wp\/v2\/product_cat?post=99"},{"taxonomy":"product_tag","embeddable":true,"href":"https:\/\/sandsacksyndikat.de\/en\/wp-json\/wp\/v2\/product_tag?post=99"}],"curies":[{"name":"wp","href":"https:\/\/api.w.org\/{rel}","templated":true}]}}